{"id":1483,"date":"2023-02-10T11:47:57","date_gmt":"2023-02-10T11:47:57","guid":{"rendered":"https:\/\/gadem-asso.org\/?page_id=1483"},"modified":"2023-07-03T16:04:44","modified_gmt":"2023-07-03T16:04:44","slug":"regards-sur-les-migrations","status":"publish","type":"page","link":"https:\/\/gadem-asso.org\/mallette\/regards-sur-les-migrations\/","title":{"rendered":"Regards sur les migrations"},"content":{"rendered":"\t\t<div data-elementor-type=\"wp-page\" data-elementor-id=\"1483\" class=\"elementor elementor-1483\" data-elementor-post-type=\"page\">\n\t\t\t\t<div class=\"elementor-element elementor-element-6b0f160 e-flex e-con-boxed e-con e-parent\" data-id=\"6b0f160\" data-element_type=\"container\" data-settings=\"{&quot;background_background&quot;:&quot;classic&quot;}\" data-core-v316-plus=\"true\">\n\t\t\t\t\t<div class=\"e-con-inner\">\n\t\t\t\t<div class=\"elementor-element elementor-element-5fb85c5 elementor-widget elementor-widget-spacer\" data-id=\"5fb85c5\" data-element_type=\"widget\" data-widget_type=\"spacer.default\">\n\t\t\t\t<div class=\"elementor-widget-container\">\n\t\t\t<style>\/*! elementor - v3.20.0 - 26-03-2024 *\/\n.elementor-column .elementor-spacer-inner{height:var(--spacer-size)}.e-con{--container-widget-width:100%}.e-con-inner>.elementor-widget-spacer,.e-con>.elementor-widget-spacer{width:var(--container-widget-width,var(--spacer-size));--align-self:var(--container-widget-align-self,initial);--flex-shrink:0}.e-con-inner>.elementor-widget-spacer>.elementor-widget-container,.e-con>.elementor-widget-spacer>.elementor-widget-container{height:100%;width:100%}.e-con-inner>.elementor-widget-spacer>.elementor-widget-container>.elementor-spacer,.e-con>.elementor-widget-spacer>.elementor-widget-container>.elementor-spacer{height:100%}.e-con-inner>.elementor-widget-spacer>.elementor-widget-container>.elementor-spacer>.elementor-spacer-inner,.e-con>.elementor-widget-spacer>.elementor-widget-container>.elementor-spacer>.elementor-spacer-inner{height:var(--container-widget-height,var(--spacer-size))}.e-con-inner>.elementor-widget-spacer.elementor-widget-empty,.e-con>.elementor-widget-spacer.elementor-widget-empty{position:relative;min-height:22px;min-width:22px}.e-con-inner>.elementor-widget-spacer.elementor-widget-empty .elementor-widget-empty-icon,.e-con>.elementor-widget-spacer.elementor-widget-empty .elementor-widget-empty-icon{position:absolute;top:0;bottom:0;left:0;right:0;margin:auto;padding:0;width:22px;height:22px}<\/style>\t\t<div class=\"elementor-spacer\">\n\t\t\t<div class=\"elementor-spacer-inner\"><\/div>\n\t\t<\/div>\n\t\t\t\t<\/div>\n\t\t\t\t<\/div>\n\t\t<div class=\"elementor-element elementor-element-19d6705 e-con-full e-flex e-con e-parent\" data-id=\"19d6705\" data-element_type=\"container\" data-core-v316-plus=\"true\">\n\t\t\t\t<div class=\"elementor-element elementor-element-92adcda elementor-widget__width-initial elementor-widget elementor-widget-heading\" data-id=\"92adcda\" data-element_type=\"widget\" data-widget_type=\"heading.default\">\n\t\t\t\t<div class=\"elementor-widget-container\">\n\t\t\t<style>\/*! elementor - v3.20.0 - 26-03-2024 *\/\n.elementor-heading-title{padding:0;margin:0;line-height:1}.elementor-widget-heading .elementor-heading-title[class*=elementor-size-]>a{color:inherit;font-size:inherit;line-height:inherit}.elementor-widget-heading .elementor-heading-title.elementor-size-small{font-size:15px}.elementor-widget-heading .elementor-heading-title.elementor-size-medium{font-size:19px}.elementor-widget-heading .elementor-heading-title.elementor-size-large{font-size:29px}.elementor-widget-heading .elementor-heading-title.elementor-size-xl{font-size:39px}.elementor-widget-heading .elementor-heading-title.elementor-size-xxl{font-size:59px}<\/style><h2 class=\"elementor-heading-title elementor-size-default\">Regards sur les migrations<\/h2>\t\t<\/div>\n\t\t\t\t<\/div>\n\t\t\t\t<div class=\"elementor-element elementor-element-4d47398 elementor-widget elementor-widget-image\" data-id=\"4d47398\" data-element_type=\"widget\" data-widget_type=\"image.default\">\n\t\t\t\t<div class=\"elementor-widget-container\">\n\t\t\t<style>\/*! elementor - v3.20.0 - 26-03-2024 *\/\n.elementor-widget-image{text-align:center}.elementor-widget-image a{display:inline-block}.elementor-widget-image a img[src$=\".svg\"]{width:48px}.elementor-widget-image img{vertical-align:middle;display:inline-block}<\/style>\t\t\t\t\t\t\t\t\t\t<img fetchpriority=\"high\" decoding=\"async\" width=\"800\" height=\"371\" src=\"https:\/\/gadem-asso.org\/mallette\/wp-content\/uploads\/2023\/06\/image-bandeau-regard-sur-les-migrations.png\" class=\"attachment-large size-large wp-image-4128\" alt=\"\" srcset=\"https:\/\/gadem-asso.org\/mallette\/wp-content\/uploads\/2023\/06\/image-bandeau-regard-sur-les-migrations.png 943w, https:\/\/gadem-asso.org\/mallette\/wp-content\/uploads\/2023\/06\/image-bandeau-regard-sur-les-migrations-300x139.png 300w, https:\/\/gadem-asso.org\/mallette\/wp-content\/uploads\/2023\/06\/image-bandeau-regard-sur-les-migrations-768x356.png 768w\" sizes=\"(max-width: 800px) 100vw, 800px\" \/>\t\t\t\t\t\t\t\t\t\t\t\t\t<\/div>\n\t\t\t\t<\/div>\n\t\t\t\t<\/div>\n\t\t\t\t\t<\/div>\n\t\t\t\t<\/div>\n\t\t<div class=\"elementor-element elementor-element-0f6963a e-flex e-con-boxed e-con e-parent\" data-id=\"0f6963a\" data-element_type=\"container\" data-core-v316-plus=\"true\">\n\t\t\t\t\t<div class=\"e-con-inner\">\n\t\t\t\t<div class=\"elementor-element elementor-element-215eb34 elementor-widget__width-inherit elementor-widget elementor-widget-wp-widget-bcn_widget\" data-id=\"215eb34\" data-element_type=\"widget\" data-widget_type=\"wp-widget-bcn_widget.default\">\n\t\t\t\t<div class=\"elementor-widget-container\">\n\t\t\t<div class=\"breadcrumbs\" vocab=\"https:\/\/schema.org\/\" typeof=\"BreadcrumbList\"><!-- Breadcrumb NavXT 7.3.0 -->\n<span property=\"itemListElement\" typeof=\"ListItem\"><a style=\"text-decoration:none;color:#313131\" property=\"item\" typeof=\"WebPage\" title=\"Go to gadem.\" href=\"https:\/\/gadem-asso.org\/mallette\" class=\"home\" aria-current=\"page\"><span property=\"name\"><span class=\"dashicons dashicons-admin-home\"><\/span><\/span><\/a><meta property=\"position\" content=\"1\"><\/span><\/div>\t\t<\/div>\n\t\t\t\t<\/div>\n\t\t\t\t<div class=\"elementor-element elementor-element-a83c35a elementor-widget elementor-widget-spacer\" data-id=\"a83c35a\" data-element_type=\"widget\" data-widget_type=\"spacer.default\">\n\t\t\t\t<div class=\"elementor-widget-container\">\n\t\t\t\t\t<div class=\"elementor-spacer\">\n\t\t\t<div class=\"elementor-spacer-inner\"><\/div>\n\t\t<\/div>\n\t\t\t\t<\/div>\n\t\t\t\t<\/div>\n\t\t\t\t\t<\/div>\n\t\t\t\t<\/div>\n\t\t<div class=\"elementor-element elementor-element-4c00b6c e-flex e-con-boxed e-con e-parent\" data-id=\"4c00b6c\" data-element_type=\"container\" data-core-v316-plus=\"true\">\n\t\t\t\t\t<div class=\"e-con-inner\">\n\t\t<div class=\"elementor-element elementor-element-5d6eac6 e-con-full e-flex e-con e-parent\" data-id=\"5d6eac6\" data-element_type=\"container\" data-core-v316-plus=\"true\">\n\t\t\t\t<div class=\"elementor-element elementor-element-442c0a6 elementor-widget elementor-widget-text-editor\" data-id=\"442c0a6\" data-element_type=\"widget\" data-widget_type=\"text-editor.default\">\n\t\t\t\t<div class=\"elementor-widget-container\">\n\t\t\t<style>\/*! elementor - v3.20.0 - 26-03-2024 *\/\n.elementor-widget-text-editor.elementor-drop-cap-view-stacked .elementor-drop-cap{background-color:#69727d;color:#fff}.elementor-widget-text-editor.elementor-drop-cap-view-framed .elementor-drop-cap{color:#69727d;border:3px solid;background-color:transparent}.elementor-widget-text-editor:not(.elementor-drop-cap-view-default) .elementor-drop-cap{margin-top:8px}.elementor-widget-text-editor:not(.elementor-drop-cap-view-default) .elementor-drop-cap-letter{width:1em;height:1em}.elementor-widget-text-editor .elementor-drop-cap{float:left;text-align:center;line-height:1;font-size:50px}.elementor-widget-text-editor .elementor-drop-cap-letter{display:inline-block}<\/style>\t\t\t\t<p>Le module <strong>Regards sur les migrations<\/strong> a pour objectif d\u2019initier les participant\u00b7e\u00b7s aux r\u00e9alit\u00e9s et aux enjeux des migrations dans le monde et \u00e0 travers l\u2019Histoire. Il permet de sensibiliser les participant\u00b7e\u00b7s aux questions de droits humains et aux termes cl\u00e9s utilis\u00e9s dans le domaine des migrations. <br \/><br \/>Pour ce faire, le module aborde les questions de migrations \u00e0 travers l\u2019Histoire afin que tou\u00b7te\u00b7s les participant\u00b7e\u00b7s interrogent le caract\u00e8re intrins\u00e8que des questions de mobilit\u00e9. Il introduit les principes de droits humains en g\u00e9n\u00e9ral afin de discuter en filigrane, plus sp\u00e9cifiquement des droits des personnes migrantes. Enfin, ce module fait le lien avec le module <strong>Regards sur le monde<\/strong> en interrogeant les diff\u00e9rentes composantes de nos soci\u00e9t\u00e9s contemporaines qui se sont construites \u00e0 partir des mouvements de populations.<br \/><br \/>Ce module, un peu plus technique, a \u00e9t\u00e9 d\u00e9velopp\u00e9 plus sp\u00e9cialement pour les 11-14 ans. Il comprend cependant une session pour les 7-10 ans (session compl\u00e9mentaire au module <strong>Regards sur le monde 7-10 ans)<\/strong>.<\/p>\t\t\t\t\t\t<\/div>\n\t\t\t\t<\/div>\n\t\t\t\t<\/div>\n\t\t<div class=\"elementor-element elementor-element-618408e e-con-full e-flex e-con e-parent\" data-id=\"618408e\" data-element_type=\"container\" data-core-v316-plus=\"true\">\n\t\t\t\t<div class=\"elementor-element elementor-element-1b0b1b2 elementor-widget__width-initial elementor-widget elementor-widget-image\" data-id=\"1b0b1b2\" data-element_type=\"widget\" data-widget_type=\"image.default\">\n\t\t\t\t<div class=\"elementor-widget-container\">\n\t\t\t\t\t\t\t\t\t\t\t\t\t<img decoding=\"async\" width=\"800\" height=\"759\" src=\"https:\/\/gadem-asso.org\/mallette\/wp-content\/uploads\/2023\/01\/vignette-thematique-Regards-sur-les-migrations-1024x972.png\" class=\"attachment-large size-large wp-image-388\" alt=\"\" srcset=\"https:\/\/gadem-asso.org\/mallette\/wp-content\/uploads\/2023\/01\/vignette-thematique-Regards-sur-les-migrations-1024x972.png 1024w, https:\/\/gadem-asso.org\/mallette\/wp-content\/uploads\/2023\/01\/vignette-thematique-Regards-sur-les-migrations-300x285.png 300w, https:\/\/gadem-asso.org\/mallette\/wp-content\/uploads\/2023\/01\/vignette-thematique-Regards-sur-les-migrations-768x729.png 768w, https:\/\/gadem-asso.org\/mallette\/wp-content\/uploads\/2023\/01\/vignette-thematique-Regards-sur-les-migrations.png 1358w\" sizes=\"(max-width: 800px) 100vw, 800px\" \/>\t\t\t\t\t\t\t\t\t\t\t\t\t<\/div>\n\t\t\t\t<\/div>\n\t\t\t\t<\/div>\n\t\t\t\t\t<\/div>\n\t\t\t\t<\/div>\n\t\t<div class=\"elementor-element elementor-element-c01cead e-flex e-con-boxed e-con e-parent\" data-id=\"c01cead\" data-element_type=\"container\" data-core-v316-plus=\"true\">\n\t\t\t\t\t<div class=\"e-con-inner\">\n\t\t<a class=\"elementor-element elementor-element-453ff95 e-con-full e-flex e-con e-parent\" data-id=\"453ff95\" data-element_type=\"container\" data-settings=\"{&quot;background_background&quot;:&quot;classic&quot;}\" data-core-v316-plus=\"true\" href=\"https:\/\/gadem-asso.org\/mallette\/index.php\/regards-sur-les-migrations\/regards-sur-les-migrations-7-10-ans\/\">\n\t\t\t\t<div class=\"elementor-element elementor-element-5a9e64c elementor-widget elementor-widget-heading\" data-id=\"5a9e64c\" data-element_type=\"widget\" data-widget_type=\"heading.default\">\n\t\t\t\t<div class=\"elementor-widget-container\">\n\t\t\t<h2 class=\"elementor-heading-title elementor-size-default\">7-10 ans<\/h2>\t\t<\/div>\n\t\t\t\t<\/div>\n\t\t\t\t<div class=\"elementor-element elementor-element-49b75dc elementor-view-default elementor-widget elementor-widget-icon\" data-id=\"49b75dc\" data-element_type=\"widget\" data-widget_type=\"icon.default\">\n\t\t\t\t<div class=\"elementor-widget-container\">\n\t\t\t\t\t<div class=\"elementor-icon-wrapper\">\n\t\t\t<div class=\"elementor-icon\">\n\t\t\t<svg aria-hidden=\"true\" class=\"e-font-icon-svg e-fas-arrow-circle-right\" viewBox=\"0 0 512 512\" xmlns=\"http:\/\/www.w3.org\/2000\/svg\"><path d=\"M256 8c137 0 248 111 248 248S393 504 256 504 8 393 8 256 119 8 256 8zm-28.9 143.6l75.5 72.4H120c-13.3 0-24 10.7-24 24v16c0 13.3 10.7 24 24 24h182.6l-75.5 72.4c-9.7 9.3-9.9 24.8-.4 34.3l11 10.9c9.4 9.4 24.6 9.4 33.9 0L404.3 273c9.4-9.4 9.4-24.6 0-33.9L271.6 106.3c-9.4-9.4-24.6-9.4-33.9 0l-11 10.9c-9.5 9.6-9.3 25.1.4 34.4z\"><\/path><\/svg>\t\t\t<\/div>\n\t\t<\/div>\n\t\t\t\t<\/div>\n\t\t\t\t<\/div>\n\t\t\t\t<\/a>\n\t\t<a class=\"elementor-element elementor-element-340a696 e-con-full e-flex e-con e-parent\" data-id=\"340a696\" data-element_type=\"container\" data-settings=\"{&quot;background_background&quot;:&quot;classic&quot;}\" data-core-v316-plus=\"true\" href=\"https:\/\/gadem-asso.org\/mallette\/index.php\/regards-sur-les-migrations\/regards-sur-les-migrations-11-14-ans\/\">\n\t\t\t\t<div class=\"elementor-element elementor-element-aba81e2 elementor-widget elementor-widget-heading\" data-id=\"aba81e2\" data-element_type=\"widget\" data-widget_type=\"heading.default\">\n\t\t\t\t<div class=\"elementor-widget-container\">\n\t\t\t<h2 class=\"elementor-heading-title elementor-size-default\">11-14 ans<\/h2>\t\t<\/div>\n\t\t\t\t<\/div>\n\t\t\t\t<div class=\"elementor-element elementor-element-29366a7 elementor-view-default elementor-widget elementor-widget-icon\" data-id=\"29366a7\" data-element_type=\"widget\" data-widget_type=\"icon.default\">\n\t\t\t\t<div class=\"elementor-widget-container\">\n\t\t\t\t\t<div class=\"elementor-icon-wrapper\">\n\t\t\t<div class=\"elementor-icon\">\n\t\t\t<svg aria-hidden=\"true\" class=\"e-font-icon-svg e-fas-arrow-circle-right\" viewBox=\"0 0 512 512\" xmlns=\"http:\/\/www.w3.org\/2000\/svg\"><path d=\"M256 8c137 0 248 111 248 248S393 504 256 504 8 393 8 256 119 8 256 8zm-28.9 143.6l75.5 72.4H120c-13.3 0-24 10.7-24 24v16c0 13.3 10.7 24 24 24h182.6l-75.5 72.4c-9.7 9.3-9.9 24.8-.4 34.3l11 10.9c9.4 9.4 24.6 9.4 33.9 0L404.3 273c9.4-9.4 9.4-24.6 0-33.9L271.6 106.3c-9.4-9.4-24.6-9.4-33.9 0l-11 10.9c-9.5 9.6-9.3 25.1.4 34.4z\"><\/path><\/svg>\t\t\t<\/div>\n\t\t<\/div>\n\t\t\t\t<\/div>\n\t\t\t\t<\/div>\n\t\t\t\t<\/a>\n\t\t\t\t\t<\/div>\n\t\t\t\t<\/div>\n\t\t<div class=\"elementor-element elementor-element-c3ca67f e-flex e-con-boxed e-con e-parent\" data-id=\"c3ca67f\" data-element_type=\"container\" data-core-v316-plus=\"true\">\n\t\t\t\t\t<div class=\"e-con-inner\">\n\t\t\t\t<div class=\"elementor-element elementor-element-c782f9f elementor-widget elementor-widget-spacer\" data-id=\"c782f9f\" data-element_type=\"widget\" data-widget_type=\"spacer.default\">\n\t\t\t\t<div class=\"elementor-widget-container\">\n\t\t\t\t\t<div class=\"elementor-spacer\">\n\t\t\t<div class=\"elementor-spacer-inner\"><\/div>\n\t\t<\/div>\n\t\t\t\t<\/div>\n\t\t\t\t<\/div>\n\t\t\t\t\t<\/div>\n\t\t\t\t<\/div>\n\t\t\t\t<\/div>\n\t\t","protected":false},"excerpt":{"rendered":"<p>Regards sur les migrations Le module Regards sur les migrations a pour objectif d\u2019initier les participant\u00b7e\u00b7s aux r\u00e9alit\u00e9s et aux enjeux des migrations dans le monde et \u00e0 travers l\u2019Histoire. Il permet de sensibiliser les participant\u00b7e\u00b7s aux questions de droits humains et aux termes cl\u00e9s utilis\u00e9s dans le domaine des migrations. Pour ce faire, le [&hellip;]<\/p>\n","protected":false},"author":1,"featured_media":0,"parent":0,"menu_order":0,"comment_status":"closed","ping_status":"closed","template":"elementor_header_footer","meta":{"footnotes":""},"class_list":["post-1483","page","type-page","status-publish","hentry"],"_links":{"self":[{"href":"https:\/\/gadem-asso.org\/mallette\/wp-json\/wp\/v2\/pages\/1483","targetHints":{"allow":["GET"]}}],"collection":[{"href":"https:\/\/gadem-asso.org\/mallette\/wp-json\/wp\/v2\/pages"}],"about":[{"href":"https:\/\/gadem-asso.org\/mallette\/wp-json\/wp\/v2\/types\/page"}],"author":[{"embeddable":true,"href":"https:\/\/gadem-asso.org\/mallette\/wp-json\/wp\/v2\/users\/1"}],"replies":[{"embeddable":true,"href":"https:\/\/gadem-asso.org\/mallette\/wp-json\/wp\/v2\/comments?post=1483"}],"version-history":[{"count":73,"href":"https:\/\/gadem-asso.org\/mallette\/wp-json\/wp\/v2\/pages\/1483\/revisions"}],"predecessor-version":[{"id":4319,"href":"https:\/\/gadem-asso.org\/mallette\/wp-json\/wp\/v2\/pages\/1483\/revisions\/4319"}],"wp:attachment":[{"href":"https:\/\/gadem-asso.org\/mallette\/wp-json\/wp\/v2\/media?parent=1483"}],"curies":[{"name":"wp","href":"https:\/\/api.w.org\/{rel}","templated":true}]}}