{"id":1580,"date":"2023-02-10T13:41:05","date_gmt":"2023-02-10T13:41:05","guid":{"rendered":"https:\/\/gadem-asso.org\/?page_id=1580"},"modified":"2024-03-27T11:47:24","modified_gmt":"2024-03-27T11:47:24","slug":"contes-et-histoires","status":"publish","type":"page","link":"https:\/\/gadem-asso.org\/mallette\/contes-et-histoires\/","title":{"rendered":"contes et histoires"},"content":{"rendered":"\t\t<div data-elementor-type=\"wp-page\" data-elementor-id=\"1580\" class=\"elementor elementor-1580\" data-elementor-post-type=\"page\">\n\t\t\t\t<div class=\"elementor-element elementor-element-2d304f1 e-flex e-con-boxed e-con e-parent\" data-id=\"2d304f1\" data-element_type=\"container\" data-settings=\"{&quot;background_background&quot;:&quot;classic&quot;}\" data-core-v316-plus=\"true\">\n\t\t\t\t\t<div class=\"e-con-inner\">\n\t\t\t\t<div class=\"elementor-element elementor-element-298fad1 elementor-widget elementor-widget-spacer\" data-id=\"298fad1\" data-element_type=\"widget\" data-widget_type=\"spacer.default\">\n\t\t\t\t<div class=\"elementor-widget-container\">\n\t\t\t<style>\/*! elementor - v3.20.0 - 26-03-2024 *\/\n.elementor-column .elementor-spacer-inner{height:var(--spacer-size)}.e-con{--container-widget-width:100%}.e-con-inner>.elementor-widget-spacer,.e-con>.elementor-widget-spacer{width:var(--container-widget-width,var(--spacer-size));--align-self:var(--container-widget-align-self,initial);--flex-shrink:0}.e-con-inner>.elementor-widget-spacer>.elementor-widget-container,.e-con>.elementor-widget-spacer>.elementor-widget-container{height:100%;width:100%}.e-con-inner>.elementor-widget-spacer>.elementor-widget-container>.elementor-spacer,.e-con>.elementor-widget-spacer>.elementor-widget-container>.elementor-spacer{height:100%}.e-con-inner>.elementor-widget-spacer>.elementor-widget-container>.elementor-spacer>.elementor-spacer-inner,.e-con>.elementor-widget-spacer>.elementor-widget-container>.elementor-spacer>.elementor-spacer-inner{height:var(--container-widget-height,var(--spacer-size))}.e-con-inner>.elementor-widget-spacer.elementor-widget-empty,.e-con>.elementor-widget-spacer.elementor-widget-empty{position:relative;min-height:22px;min-width:22px}.e-con-inner>.elementor-widget-spacer.elementor-widget-empty .elementor-widget-empty-icon,.e-con>.elementor-widget-spacer.elementor-widget-empty .elementor-widget-empty-icon{position:absolute;top:0;bottom:0;left:0;right:0;margin:auto;padding:0;width:22px;height:22px}<\/style>\t\t<div class=\"elementor-spacer\">\n\t\t\t<div class=\"elementor-spacer-inner\"><\/div>\n\t\t<\/div>\n\t\t\t\t<\/div>\n\t\t\t\t<\/div>\n\t\t<div class=\"elementor-element elementor-element-47e03c8 e-con-full e-flex e-con e-parent\" data-id=\"47e03c8\" data-element_type=\"container\" data-core-v316-plus=\"true\">\n\t\t\t\t<div class=\"elementor-element elementor-element-3e9e34a elementor-widget__width-initial elementor-widget elementor-widget-heading\" data-id=\"3e9e34a\" data-element_type=\"widget\" data-widget_type=\"heading.default\">\n\t\t\t\t<div class=\"elementor-widget-container\">\n\t\t\t<style>\/*! elementor - v3.20.0 - 26-03-2024 *\/\n.elementor-heading-title{padding:0;margin:0;line-height:1}.elementor-widget-heading .elementor-heading-title[class*=elementor-size-]>a{color:inherit;font-size:inherit;line-height:inherit}.elementor-widget-heading .elementor-heading-title.elementor-size-small{font-size:15px}.elementor-widget-heading .elementor-heading-title.elementor-size-medium{font-size:19px}.elementor-widget-heading .elementor-heading-title.elementor-size-large{font-size:29px}.elementor-widget-heading .elementor-heading-title.elementor-size-xl{font-size:39px}.elementor-widget-heading .elementor-heading-title.elementor-size-xxl{font-size:59px}<\/style><h2 class=\"elementor-heading-title elementor-size-default\">Contes et histoires<\/h2>\t\t<\/div>\n\t\t\t\t<\/div>\n\t\t\t\t<div class=\"elementor-element elementor-element-e6ddd93 elementor-widget elementor-widget-image\" data-id=\"e6ddd93\" data-element_type=\"widget\" data-widget_type=\"image.default\">\n\t\t\t\t<div class=\"elementor-widget-container\">\n\t\t\t<style>\/*! elementor - v3.20.0 - 26-03-2024 *\/\n.elementor-widget-image{text-align:center}.elementor-widget-image a{display:inline-block}.elementor-widget-image a img[src$=\".svg\"]{width:48px}.elementor-widget-image img{vertical-align:middle;display:inline-block}<\/style>\t\t\t\t\t\t\t\t\t\t<img fetchpriority=\"high\" decoding=\"async\" width=\"552\" height=\"318\" src=\"https:\/\/gadem-asso.org\/mallette\/wp-content\/uploads\/2023\/06\/image-bandeau-conte-et-histoires.png\" class=\"attachment-large size-large wp-image-4141\" alt=\"\" srcset=\"https:\/\/gadem-asso.org\/mallette\/wp-content\/uploads\/2023\/06\/image-bandeau-conte-et-histoires.png 552w, https:\/\/gadem-asso.org\/mallette\/wp-content\/uploads\/2023\/06\/image-bandeau-conte-et-histoires-300x173.png 300w\" sizes=\"(max-width: 552px) 100vw, 552px\" \/>\t\t\t\t\t\t\t\t\t\t\t\t\t<\/div>\n\t\t\t\t<\/div>\n\t\t\t\t<\/div>\n\t\t\t\t\t<\/div>\n\t\t\t\t<\/div>\n\t\t<div class=\"elementor-element elementor-element-0f6963a e-flex e-con-boxed e-con e-parent\" data-id=\"0f6963a\" data-element_type=\"container\" data-core-v316-plus=\"true\">\n\t\t\t\t\t<div class=\"e-con-inner\">\n\t\t\t\t<div class=\"elementor-element elementor-element-215eb34 elementor-widget__width-inherit elementor-widget elementor-widget-wp-widget-bcn_widget\" data-id=\"215eb34\" data-element_type=\"widget\" data-widget_type=\"wp-widget-bcn_widget.default\">\n\t\t\t\t<div class=\"elementor-widget-container\">\n\t\t\t<div class=\"breadcrumbs\" vocab=\"https:\/\/schema.org\/\" typeof=\"BreadcrumbList\"><!-- Breadcrumb NavXT 7.3.0 -->\n<span property=\"itemListElement\" typeof=\"ListItem\"><a style=\"text-decoration:none;color:#313131\" property=\"item\" typeof=\"WebPage\" title=\"Go to gadem.\" href=\"https:\/\/gadem-asso.org\/mallette\" class=\"home\" aria-current=\"page\"><span property=\"name\"><span class=\"dashicons dashicons-admin-home\"><\/span><\/span><\/a><meta property=\"position\" content=\"1\"><\/span><\/div>\t\t<\/div>\n\t\t\t\t<\/div>\n\t\t\t\t<div class=\"elementor-element elementor-element-a83c35a elementor-widget elementor-widget-spacer\" data-id=\"a83c35a\" data-element_type=\"widget\" data-widget_type=\"spacer.default\">\n\t\t\t\t<div class=\"elementor-widget-container\">\n\t\t\t\t\t<div class=\"elementor-spacer\">\n\t\t\t<div class=\"elementor-spacer-inner\"><\/div>\n\t\t<\/div>\n\t\t\t\t<\/div>\n\t\t\t\t<\/div>\n\t\t\t\t\t<\/div>\n\t\t\t\t<\/div>\n\t\t<div class=\"elementor-element elementor-element-4c00b6c e-flex e-con-boxed e-con e-parent\" data-id=\"4c00b6c\" data-element_type=\"container\" data-core-v316-plus=\"true\">\n\t\t\t\t\t<div class=\"e-con-inner\">\n\t\t<div class=\"elementor-element elementor-element-5d6eac6 e-con-full e-flex e-con e-parent\" data-id=\"5d6eac6\" data-element_type=\"container\" data-core-v316-plus=\"true\">\n\t\t\t\t<div class=\"elementor-element elementor-element-442c0a6 elementor-widget elementor-widget-text-editor\" data-id=\"442c0a6\" data-element_type=\"widget\" data-widget_type=\"text-editor.default\">\n\t\t\t\t<div class=\"elementor-widget-container\">\n\t\t\t<style>\/*! elementor - v3.20.0 - 26-03-2024 *\/\n.elementor-widget-text-editor.elementor-drop-cap-view-stacked .elementor-drop-cap{background-color:#69727d;color:#fff}.elementor-widget-text-editor.elementor-drop-cap-view-framed .elementor-drop-cap{color:#69727d;border:3px solid;background-color:transparent}.elementor-widget-text-editor:not(.elementor-drop-cap-view-default) .elementor-drop-cap{margin-top:8px}.elementor-widget-text-editor:not(.elementor-drop-cap-view-default) .elementor-drop-cap-letter{width:1em;height:1em}.elementor-widget-text-editor .elementor-drop-cap{float:left;text-align:center;line-height:1;font-size:50px}.elementor-widget-text-editor .elementor-drop-cap-letter{display:inline-block}<\/style>\t\t\t\t<p><span style=\"font-weight: 400;\">Le module <\/span><b><i>Contes et histoires populaires<\/i><\/b><span style=\"font-weight: 400;\"> propose une s\u00e9rie d\u2019activit\u00e9s organis\u00e9es autour de contes populaires ou \u00e0 partir de supports issus de la litt\u00e9rature jeunesse pr\u00e9sent\u00e9s sous diff\u00e9rents formats (extraits ou livres, une cr\u00e9ation litt\u00e9raire adapt\u00e9e en film anim\u00e9, biographies, bande dessin\u00e9e ou comptine) pour \u00e9voquer avec les participant\u00b7e\u00b7s les th\u00e8mes centraux abord\u00e9s tout au long de la mallette\u00a0: les pr\u00e9jug\u00e9s et st\u00e9r\u00e9otypes, les discriminations, les migrations et le vivre ensemble. Certains textes sont \u00e9galement l\u2019occasion d\u2019une d\u00e9couverte &#8211; ou d\u2019une red\u00e9couverte &#8211; de l\u2019histoire de personnages connus dans la culture et l\u2019histoire marocaine, comme Ibn Batt\u00fbta, le grand voyageur.\u00a0<\/span><\/p><p><span style=\"font-weight: 400;\">Ainsi les activit\u00e9s du module <\/span><b><i>Contes et histoires populaires<\/i><\/b><span style=\"font-weight: 400;\"> ont pour objectif de favoriser la communication, l\u2019ouverture aux autres, l\u2019acceptation des diff\u00e9rences, mais aussi la coop\u00e9ration, l\u2019\u00e9coute et le partage. Elles permettent \u00e9galement aux participant\u00b7e\u00b7s de jouer, d\u00e9couvrir, imaginer, inventer, se questionner et d\u00e9battre autour des th\u00e9matiques soulev\u00e9es par ces contes et ces histoires, et plus largement, au sein de la mallette p\u00e9dagogique, et qui constituent des \u00e9l\u00e9ments cl\u00e9s de nos soci\u00e9t\u00e9s contemporaines.\u00a0\u00a0<\/span><\/p><p><span style=\"font-weight: 400;\">Ce module propose une session sp\u00e9cifique pour les 7-10 ans, une session pour les 9-14 ans et 3 sessions pour les plus grand\u00b7e\u00b7s (11-14 ans).<\/span><\/p>\t\t\t\t\t\t<\/div>\n\t\t\t\t<\/div>\n\t\t\t\t<\/div>\n\t\t<div class=\"elementor-element elementor-element-618408e e-con-full e-flex e-con e-parent\" data-id=\"618408e\" data-element_type=\"container\" data-core-v316-plus=\"true\">\n\t\t\t\t<div class=\"elementor-element elementor-element-1b0b1b2 elementor-widget elementor-widget-image\" data-id=\"1b0b1b2\" data-element_type=\"widget\" data-widget_type=\"image.default\">\n\t\t\t\t<div class=\"elementor-widget-container\">\n\t\t\t\t\t\t\t\t\t\t\t\t\t<img decoding=\"async\" width=\"800\" height=\"729\" src=\"https:\/\/gadem-asso.org\/mallette\/wp-content\/uploads\/2023\/02\/vignette-contes-et-histoires-1024x933.png\" class=\"attachment-large size-large wp-image-1586\" alt=\"\" srcset=\"https:\/\/gadem-asso.org\/mallette\/wp-content\/uploads\/2023\/02\/vignette-contes-et-histoires-1024x933.png 1024w, https:\/\/gadem-asso.org\/mallette\/wp-content\/uploads\/2023\/02\/vignette-contes-et-histoires-300x273.png 300w, https:\/\/gadem-asso.org\/mallette\/wp-content\/uploads\/2023\/02\/vignette-contes-et-histoires-768x700.png 768w, https:\/\/gadem-asso.org\/mallette\/wp-content\/uploads\/2023\/02\/vignette-contes-et-histoires-1536x1399.png 1536w, https:\/\/gadem-asso.org\/mallette\/wp-content\/uploads\/2023\/02\/vignette-contes-et-histoires.png 1934w\" sizes=\"(max-width: 800px) 100vw, 800px\" \/>\t\t\t\t\t\t\t\t\t\t\t\t\t<\/div>\n\t\t\t\t<\/div>\n\t\t\t\t<\/div>\n\t\t\t\t\t<\/div>\n\t\t\t\t<\/div>\n\t\t<div class=\"elementor-element elementor-element-2175102 e-flex e-con-boxed e-con e-parent\" data-id=\"2175102\" data-element_type=\"container\" data-core-v316-plus=\"true\">\n\t\t\t\t\t<div class=\"e-con-inner\">\n\t\t<div class=\"elementor-element elementor-element-a282c92 e-flex e-con-boxed e-con e-parent\" data-id=\"a282c92\" data-element_type=\"container\" data-core-v316-plus=\"true\">\n\t\t\t\t\t<div class=\"e-con-inner\">\n\t\t<a class=\"elementor-element elementor-element-ee90d8b e-con-full e-flex e-con e-parent\" data-id=\"ee90d8b\" data-element_type=\"container\" data-settings=\"{&quot;background_background&quot;:&quot;classic&quot;}\" data-core-v316-plus=\"true\" href=\"https:\/\/gadem-asso.org\/mallette\/index.php\/Contes-et-histoires\/Contes-et-histoires-7-10-ans\">\n\t\t\t\t<div class=\"elementor-element elementor-element-1c940ea elementor-widget elementor-widget-heading\" data-id=\"1c940ea\" data-element_type=\"widget\" data-widget_type=\"heading.default\">\n\t\t\t\t<div class=\"elementor-widget-container\">\n\t\t\t<h2 class=\"elementor-heading-title elementor-size-default\">7-10 ans<\/h2>\t\t<\/div>\n\t\t\t\t<\/div>\n\t\t\t\t<div class=\"elementor-element elementor-element-c01b926 elementor-view-default elementor-widget elementor-widget-icon\" data-id=\"c01b926\" data-element_type=\"widget\" data-widget_type=\"icon.default\">\n\t\t\t\t<div class=\"elementor-widget-container\">\n\t\t\t\t\t<div class=\"elementor-icon-wrapper\">\n\t\t\t<div class=\"elementor-icon\">\n\t\t\t<svg aria-hidden=\"true\" class=\"e-font-icon-svg e-fas-arrow-circle-right\" viewBox=\"0 0 512 512\" xmlns=\"http:\/\/www.w3.org\/2000\/svg\"><path d=\"M256 8c137 0 248 111 248 248S393 504 256 504 8 393 8 256 119 8 256 8zm-28.9 143.6l75.5 72.4H120c-13.3 0-24 10.7-24 24v16c0 13.3 10.7 24 24 24h182.6l-75.5 72.4c-9.7 9.3-9.9 24.8-.4 34.3l11 10.9c9.4 9.4 24.6 9.4 33.9 0L404.3 273c9.4-9.4 9.4-24.6 0-33.9L271.6 106.3c-9.4-9.4-24.6-9.4-33.9 0l-11 10.9c-9.5 9.6-9.3 25.1.4 34.4z\"><\/path><\/svg>\t\t\t<\/div>\n\t\t<\/div>\n\t\t\t\t<\/div>\n\t\t\t\t<\/div>\n\t\t\t\t<\/a>\n\t\t<a class=\"elementor-element elementor-element-c012283 e-con-full e-flex e-con e-parent\" data-id=\"c012283\" data-element_type=\"container\" data-settings=\"{&quot;background_background&quot;:&quot;classic&quot;}\" data-core-v316-plus=\"true\" href=\"https:\/\/gadem-asso.org\/mallette\/index.php\/Contes-et-histoires\/Contes-et-histoires-11-14-ans\/\">\n\t\t\t\t<div class=\"elementor-element elementor-element-753302e elementor-widget elementor-widget-heading\" data-id=\"753302e\" data-element_type=\"widget\" data-widget_type=\"heading.default\">\n\t\t\t\t<div class=\"elementor-widget-container\">\n\t\t\t<h2 class=\"elementor-heading-title elementor-size-default\">11-14 ans<\/h2>\t\t<\/div>\n\t\t\t\t<\/div>\n\t\t\t\t<div class=\"elementor-element elementor-element-67b1e5a elementor-view-default elementor-widget elementor-widget-icon\" data-id=\"67b1e5a\" data-element_type=\"widget\" data-widget_type=\"icon.default\">\n\t\t\t\t<div class=\"elementor-widget-container\">\n\t\t\t\t\t<div class=\"elementor-icon-wrapper\">\n\t\t\t<div class=\"elementor-icon\">\n\t\t\t<svg aria-hidden=\"true\" class=\"e-font-icon-svg e-fas-arrow-circle-right\" viewBox=\"0 0 512 512\" xmlns=\"http:\/\/www.w3.org\/2000\/svg\"><path d=\"M256 8c137 0 248 111 248 248S393 504 256 504 8 393 8 256 119 8 256 8zm-28.9 143.6l75.5 72.4H120c-13.3 0-24 10.7-24 24v16c0 13.3 10.7 24 24 24h182.6l-75.5 72.4c-9.7 9.3-9.9 24.8-.4 34.3l11 10.9c9.4 9.4 24.6 9.4 33.9 0L404.3 273c9.4-9.4 9.4-24.6 0-33.9L271.6 106.3c-9.4-9.4-24.6-9.4-33.9 0l-11 10.9c-9.5 9.6-9.3 25.1.4 34.4z\"><\/path><\/svg>\t\t\t<\/div>\n\t\t<\/div>\n\t\t\t\t<\/div>\n\t\t\t\t<\/div>\n\t\t\t\t<\/a>\n\t\t\t\t\t<\/div>\n\t\t\t\t<\/div>\n\t\t\t\t\t<\/div>\n\t\t\t\t<\/div>\n\t\t<div class=\"elementor-element elementor-element-c3ca67f e-flex e-con-boxed e-con e-parent\" data-id=\"c3ca67f\" data-element_type=\"container\" data-core-v316-plus=\"true\">\n\t\t\t\t\t<div class=\"e-con-inner\">\n\t\t\t\t<div class=\"elementor-element elementor-element-c782f9f elementor-widget elementor-widget-spacer\" data-id=\"c782f9f\" data-element_type=\"widget\" data-widget_type=\"spacer.default\">\n\t\t\t\t<div class=\"elementor-widget-container\">\n\t\t\t\t\t<div class=\"elementor-spacer\">\n\t\t\t<div class=\"elementor-spacer-inner\"><\/div>\n\t\t<\/div>\n\t\t\t\t<\/div>\n\t\t\t\t<\/div>\n\t\t\t\t\t<\/div>\n\t\t\t\t<\/div>\n\t\t\t\t<\/div>\n\t\t","protected":false},"excerpt":{"rendered":"<p>Contes et histoires Le module Contes et histoires populaires propose une s\u00e9rie d\u2019activit\u00e9s organis\u00e9es autour de contes populaires ou \u00e0 partir de supports issus de la litt\u00e9rature jeunesse pr\u00e9sent\u00e9s sous diff\u00e9rents formats (extraits ou livres, une cr\u00e9ation litt\u00e9raire adapt\u00e9e en film anim\u00e9, biographies, bande dessin\u00e9e ou comptine) pour \u00e9voquer avec les participant\u00b7e\u00b7s les th\u00e8mes centraux [&hellip;]<\/p>\n","protected":false},"author":1,"featured_media":0,"parent":0,"menu_order":0,"comment_status":"closed","ping_status":"closed","template":"elementor_header_footer","meta":{"footnotes":""},"class_list":["post-1580","page","type-page","status-publish","hentry"],"_links":{"self":[{"href":"https:\/\/gadem-asso.org\/mallette\/wp-json\/wp\/v2\/pages\/1580","targetHints":{"allow":["GET"]}}],"collection":[{"href":"https:\/\/gadem-asso.org\/mallette\/wp-json\/wp\/v2\/pages"}],"about":[{"href":"https:\/\/gadem-asso.org\/mallette\/wp-json\/wp\/v2\/types\/page"}],"author":[{"embeddable":true,"href":"https:\/\/gadem-asso.org\/mallette\/wp-json\/wp\/v2\/users\/1"}],"replies":[{"embeddable":true,"href":"https:\/\/gadem-asso.org\/mallette\/wp-json\/wp\/v2\/comments?post=1580"}],"version-history":[{"count":43,"href":"https:\/\/gadem-asso.org\/mallette\/wp-json\/wp\/v2\/pages\/1580\/revisions"}],"predecessor-version":[{"id":4325,"href":"https:\/\/gadem-asso.org\/mallette\/wp-json\/wp\/v2\/pages\/1580\/revisions\/4325"}],"wp:attachment":[{"href":"https:\/\/gadem-asso.org\/mallette\/wp-json\/wp\/v2\/media?parent=1580"}],"curies":[{"name":"wp","href":"https:\/\/api.w.org\/{rel}","templated":true}]}}