{"id":226,"date":"2023-04-11T14:33:29","date_gmt":"2023-04-11T14:33:29","guid":{"rendered":"http:\/\/localhost\/mmm\/?page_id=226"},"modified":"2023-09-12T14:00:41","modified_gmt":"2023-09-12T14:00:41","slug":"la-mallette","status":"publish","type":"page","link":"https:\/\/gadem-asso.org\/mallette\/la-mallette\/","title":{"rendered":"La mallette"},"content":{"rendered":"\t\t<div data-elementor-type=\"wp-page\" data-elementor-id=\"226\" class=\"elementor elementor-226\" data-elementor-post-type=\"page\">\n\t\t\t\t<div class=\"elementor-element elementor-element-cef6f5d e-flex e-con-boxed e-con e-parent\" data-id=\"cef6f5d\" data-element_type=\"container\" data-core-v316-plus=\"true\">\n\t\t\t\t\t<div class=\"e-con-inner\">\n\t\t\t\t<div class=\"elementor-element elementor-element-509195b elementor-widget elementor-widget-image\" data-id=\"509195b\" data-element_type=\"widget\" data-widget_type=\"image.default\">\n\t\t\t\t<div class=\"elementor-widget-container\">\n\t\t\t<style>\/*! elementor - v3.20.0 - 26-03-2024 *\/\n.elementor-widget-image{text-align:center}.elementor-widget-image a{display:inline-block}.elementor-widget-image a img[src$=\".svg\"]{width:48px}.elementor-widget-image img{vertical-align:middle;display:inline-block}<\/style>\t\t\t\t\t\t\t\t\t\t<img fetchpriority=\"high\" decoding=\"async\" width=\"2048\" height=\"1536\" src=\"https:\/\/gadem-asso.org\/mallette\/wp-content\/uploads\/2023\/01\/la-mallette-2048x1536.jpeg\" class=\"attachment-2048x2048 size-2048x2048 wp-image-445\" alt=\"\" srcset=\"https:\/\/gadem-asso.org\/mallette\/wp-content\/uploads\/2023\/01\/la-mallette-2048x1536.jpeg 2048w, https:\/\/gadem-asso.org\/mallette\/wp-content\/uploads\/2023\/01\/la-mallette-300x225.jpeg 300w, https:\/\/gadem-asso.org\/mallette\/wp-content\/uploads\/2023\/01\/la-mallette-1024x768.jpeg 1024w, https:\/\/gadem-asso.org\/mallette\/wp-content\/uploads\/2023\/01\/la-mallette-768x576.jpeg 768w, https:\/\/gadem-asso.org\/mallette\/wp-content\/uploads\/2023\/01\/la-mallette-1536x1152.jpeg 1536w\" sizes=\"(max-width: 2048px) 100vw, 2048px\" \/>\t\t\t\t\t\t\t\t\t\t\t\t\t<\/div>\n\t\t\t\t<\/div>\n\t\t<div class=\"elementor-element elementor-element-8026238 e-flex e-con-boxed e-con e-parent\" data-id=\"8026238\" data-element_type=\"container\" data-core-v316-plus=\"true\">\n\t\t\t\t\t<div class=\"e-con-inner\">\n\t\t\t\t\t<\/div>\n\t\t\t\t<\/div>\n\t\t\t\t\t<\/div>\n\t\t\t\t<\/div>\n\t\t<div class=\"elementor-element elementor-element-2da3636 e-flex e-con-boxed e-con e-parent\" data-id=\"2da3636\" data-element_type=\"container\" data-core-v316-plus=\"true\">\n\t\t\t\t\t<div class=\"e-con-inner\">\n\t\t\t\t<div class=\"elementor-element elementor-element-c9cd803 elementor-widget__width-initial elementor-widget elementor-widget-wp-widget-bcn_widget\" data-id=\"c9cd803\" data-element_type=\"widget\" data-widget_type=\"wp-widget-bcn_widget.default\">\n\t\t\t\t<div class=\"elementor-widget-container\">\n\t\t\t<div class=\"breadcrumbs\" vocab=\"https:\/\/schema.org\/\" typeof=\"BreadcrumbList\"><!-- Breadcrumb NavXT 7.3.0 -->\n<span property=\"itemListElement\" typeof=\"ListItem\"><a style=\"text-decoration:none;color:#313131\" property=\"item\" typeof=\"WebPage\" title=\"Go to gadem.\" href=\"https:\/\/gadem-asso.org\/mallette\" class=\"home\" aria-current=\"page\"><span property=\"name\"><span class=\"dashicons dashicons-admin-home\"><\/span><\/span><\/a><meta property=\"position\" content=\"1\"><\/span><\/div>\t\t<\/div>\n\t\t\t\t<\/div>\n\t\t\t\t\t<\/div>\n\t\t\t\t<\/div>\n\t\t<div class=\"elementor-element elementor-element-84952f9 e-flex e-con-boxed e-con e-parent\" data-id=\"84952f9\" data-element_type=\"container\" data-core-v316-plus=\"true\">\n\t\t\t\t\t<div class=\"e-con-inner\">\n\t\t<div class=\"elementor-element elementor-element-f8ecd31 e-con-full e-flex e-con e-parent\" data-id=\"f8ecd31\" data-element_type=\"container\" data-core-v316-plus=\"true\">\n\t\t\t\t<div class=\"elementor-element elementor-element-b67a328 elementor-widget elementor-widget-heading\" data-id=\"b67a328\" data-element_type=\"widget\" data-widget_type=\"heading.default\">\n\t\t\t\t<div class=\"elementor-widget-container\">\n\t\t\t<style>\/*! elementor - v3.20.0 - 26-03-2024 *\/\n.elementor-heading-title{padding:0;margin:0;line-height:1}.elementor-widget-heading .elementor-heading-title[class*=elementor-size-]>a{color:inherit;font-size:inherit;line-height:inherit}.elementor-widget-heading .elementor-heading-title.elementor-size-small{font-size:15px}.elementor-widget-heading .elementor-heading-title.elementor-size-medium{font-size:19px}.elementor-widget-heading .elementor-heading-title.elementor-size-large{font-size:29px}.elementor-widget-heading .elementor-heading-title.elementor-size-xl{font-size:39px}.elementor-widget-heading .elementor-heading-title.elementor-size-xxl{font-size:59px}<\/style><h2 class=\"elementor-heading-title elementor-size-default\">La mallette p\u00e9dagogique<\/h2>\t\t<\/div>\n\t\t\t\t<\/div>\n\t\t\t\t<div class=\"elementor-element elementor-element-8ff0b79 elementor-widget elementor-widget-text-editor\" data-id=\"8ff0b79\" data-element_type=\"widget\" data-widget_type=\"text-editor.default\">\n\t\t\t\t<div class=\"elementor-widget-container\">\n\t\t\t<style>\/*! elementor - v3.20.0 - 26-03-2024 *\/\n.elementor-widget-text-editor.elementor-drop-cap-view-stacked .elementor-drop-cap{background-color:#69727d;color:#fff}.elementor-widget-text-editor.elementor-drop-cap-view-framed .elementor-drop-cap{color:#69727d;border:3px solid;background-color:transparent}.elementor-widget-text-editor:not(.elementor-drop-cap-view-default) .elementor-drop-cap{margin-top:8px}.elementor-widget-text-editor:not(.elementor-drop-cap-view-default) .elementor-drop-cap-letter{width:1em;height:1em}.elementor-widget-text-editor .elementor-drop-cap{float:left;text-align:center;line-height:1;font-size:50px}.elementor-widget-text-editor .elementor-drop-cap-letter{display:inline-block}<\/style>\t\t\t\t<p><span style=\"font-weight: 400;\">La mallette p\u00e9dagogique \u00ab Vivre ensemble au Maroc \u00bb a \u00e9t\u00e9 \u00e9labor\u00e9e par le GADEM. Elle est le fruit de deux ans d\u2019exp\u00e9rience aupr\u00e8s de jeunes et d\u2019enseignant\u00b7e\u00b7s de l\u2019\u00e9cole Ben Abdellah de Sal\u00e9 et de rencontres avec des acteur\u00b7rice\u00b7s associatif\u00b7ve\u00b7s, des enseignant\u00b7e\u00b7s et des animateur\u00b7rice\u00b7s de maisons de jeunes, particuli\u00e8rement Dar Chebab de Hay Farah. Elle s\u2019inspire \u00e9galement d\u2019outils similaires d\u00e9velopp\u00e9s par des organisations ou structures de diff\u00e9rents pays.<\/span><\/p><p><span style=\"font-weight: 400;\">La mallette p\u00e9dagogique \u00ab Vivre ensemble au Maroc \u00bb constitue une v\u00e9ritable bo\u00eete \u00e0 outils destin\u00e9e aux animateur\u00b7rice\u00b7s, aux enseignant\u00b7e\u00b7s et \u00e0 tou\u00b7te\u00b7s acteur\u00b7rice\u00b7s intervenant aupr\u00e8s de jeunes \u00e2g\u00e9s de 7 \u00e0 14 ans. Elle a pour objectif d\u2019accompagner les jeunes marocain\u00b7e\u00b7s et de toutes autres nationalit\u00e9s vivant au Maroc dans leurs questionnements et interrogations sur le monde dans lequel ils\/elles \u00e9voluent et de les encourager \u00e0 participer \u00e0 la construction d\u2019une soci\u00e9t\u00e9 inclusive et plurielle en tant que citoyen\u00b7ne\u00b7s responsables. Elle pr\u00f4ne une approche p\u00e9dagogique bas\u00e9e sur le respect des principes des droits humains, de non-discrimination et sur les questions de genre, et fait la promotion du cosmopolitisme, de la p\u00e9dagogie active et de la participation de tou\u00b7te\u00b7s pour la construction d\u2019une r\u00e9flexion et d\u2019un apprentissage commun.<\/span><\/p><p><span style=\"font-weight: 400;\">La mallette p\u00e9dagogique \u00ab Vivre ensemble au Maroc \u00bb s\u2019inscrit dans une d\u00e9marche d\u2019\u00e9ducation \u00e0 la citoyennet\u00e9, c\u2019est-\u00e0-dire qu\u2019elle a pour ambition de d\u00e9passer l\u2019action d\u2019\u00ab information \u00bb et de \u00ab sensibilisation \u00bb, en amenant les participant\u00b7e\u00b7s \u00e0 se poser des questions et \u00e0 aller plus loin dans leurs r\u00e9flexions. L\u2019\u00ab \u00e9ducation \u00bb, au sens large, constitue une \u00e9tape suppl\u00e9mentaire, elle implique un travail p\u00e9dagogique sur le long terme visant \u00e0 faire prendre conscience et \u00e0 agir. L\u2019\u00e9ducation \u00e0 la citoyennet\u00e9 est un \u00e9l\u00e9ment indispensable \u00e0 la construction et au d\u00e9veloppement d\u2019une soci\u00e9t\u00e9 plurielle, juste et d\u00e9mocratique.<\/span><\/p><p><span style=\"font-weight: 400;\">Les deux principales th\u00e9matiques soulev\u00e9es dans le cadre de la mallette sont : les questions li\u00e9es aux migrations (Regards sur les migrations) et aux discriminations (Regards sur le monde). Ces deux grands th\u00e8mes sont organis\u00e9s par tranches d\u2019\u00e2ges (7 \u2013 10 ans et 11 \u2013 14 ans).<\/span><\/p>\t\t\t\t\t\t<\/div>\n\t\t\t\t<\/div>\n\t\t\t\t<\/div>\n\t\t<div class=\"elementor-element elementor-element-b369f59 e-con-full e-flex e-con e-parent\" data-id=\"b369f59\" data-element_type=\"container\" data-settings=\"{&quot;background_background&quot;:&quot;classic&quot;}\" data-core-v316-plus=\"true\">\n\t\t\t\t<div class=\"elementor-element elementor-element-2b276ab elementor-widget elementor-widget-image\" data-id=\"2b276ab\" data-element_type=\"widget\" data-widget_type=\"image.default\">\n\t\t\t\t<div class=\"elementor-widget-container\">\n\t\t\t\t\t\t\t\t\t\t\t\t\t<img decoding=\"async\" width=\"596\" height=\"842\" src=\"https:\/\/gadem-asso.org\/mallette\/wp-content\/uploads\/2023\/01\/couverture-mode-demploi.jpeg\" class=\"attachment-large size-large wp-image-533\" alt=\"\" srcset=\"https:\/\/gadem-asso.org\/mallette\/wp-content\/uploads\/2023\/01\/couverture-mode-demploi.jpeg 596w, https:\/\/gadem-asso.org\/mallette\/wp-content\/uploads\/2023\/01\/couverture-mode-demploi-212x300.jpeg 212w\" sizes=\"(max-width: 596px) 100vw, 596px\" \/>\t\t\t\t\t\t\t\t\t\t\t\t\t<\/div>\n\t\t\t\t<\/div>\n\t\t\t\t<div class=\"elementor-element elementor-element-79b6474 elementor-align-center elementor-widget elementor-widget-button\" data-id=\"79b6474\" data-element_type=\"widget\" data-widget_type=\"button.default\">\n\t\t\t\t<div class=\"elementor-widget-container\">\n\t\t\t\t\t<div class=\"elementor-button-wrapper\">\n\t\t\t<a class=\"elementor-button elementor-button-link elementor-size-xs\" href=\"https:\/\/gadem-asso.org\/mallette\/wp-content\/uploads\/2023\/fichier-a-telecharger\/le-mode-d&#039;emploi.pdf\">\n\t\t\t\t\t\t<span class=\"elementor-button-content-wrapper\">\n\t\t\t\t\t\t<span class=\"elementor-button-text\">Je t\u00e9l\u00e9charge le mode d'emploi<\/span>\n\t\t<\/span>\n\t\t\t\t\t<\/a>\n\t\t<\/div>\n\t\t\t\t<\/div>\n\t\t\t\t<\/div>\n\t\t\t\t<div class=\"elementor-element elementor-element-abe49c7 elementor-widget elementor-widget-spacer\" data-id=\"abe49c7\" data-element_type=\"widget\" data-widget_type=\"spacer.default\">\n\t\t\t\t<div class=\"elementor-widget-container\">\n\t\t\t<style>\/*! elementor - v3.20.0 - 26-03-2024 *\/\n.elementor-column .elementor-spacer-inner{height:var(--spacer-size)}.e-con{--container-widget-width:100%}.e-con-inner>.elementor-widget-spacer,.e-con>.elementor-widget-spacer{width:var(--container-widget-width,var(--spacer-size));--align-self:var(--container-widget-align-self,initial);--flex-shrink:0}.e-con-inner>.elementor-widget-spacer>.elementor-widget-container,.e-con>.elementor-widget-spacer>.elementor-widget-container{height:100%;width:100%}.e-con-inner>.elementor-widget-spacer>.elementor-widget-container>.elementor-spacer,.e-con>.elementor-widget-spacer>.elementor-widget-container>.elementor-spacer{height:100%}.e-con-inner>.elementor-widget-spacer>.elementor-widget-container>.elementor-spacer>.elementor-spacer-inner,.e-con>.elementor-widget-spacer>.elementor-widget-container>.elementor-spacer>.elementor-spacer-inner{height:var(--container-widget-height,var(--spacer-size))}.e-con-inner>.elementor-widget-spacer.elementor-widget-empty,.e-con>.elementor-widget-spacer.elementor-widget-empty{position:relative;min-height:22px;min-width:22px}.e-con-inner>.elementor-widget-spacer.elementor-widget-empty .elementor-widget-empty-icon,.e-con>.elementor-widget-spacer.elementor-widget-empty .elementor-widget-empty-icon{position:absolute;top:0;bottom:0;left:0;right:0;margin:auto;padding:0;width:22px;height:22px}<\/style>\t\t<div class=\"elementor-spacer\">\n\t\t\t<div class=\"elementor-spacer-inner\"><\/div>\n\t\t<\/div>\n\t\t\t\t<\/div>\n\t\t\t\t<\/div>\n\t\t\t\t<div class=\"elementor-element elementor-element-ee87709 elementor-widget elementor-widget-heading\" data-id=\"ee87709\" data-element_type=\"widget\" data-widget_type=\"heading.default\">\n\t\t\t\t<div class=\"elementor-widget-container\">\n\t\t\t<h2 class=\"elementor-heading-title elementor-size-default\"><a href=\"\/mallette\/index.php\/la-mallette\/espace-formation\/\">Je d\u00e9couvre l\u2019espace formation<\/a><\/h2>\t\t<\/div>\n\t\t\t\t<\/div>\n\t\t\t\t<div class=\"elementor-element elementor-element-773ee25 elementor-widget elementor-widget-image\" data-id=\"773ee25\" data-element_type=\"widget\" data-widget_type=\"image.default\">\n\t\t\t\t<div class=\"elementor-widget-container\">\n\t\t\t\t\t\t\t\t\t\t\t\t\t\t<a href=\"\/mallette\/index.php\/la-mallette\/espace-formation\/\">\n\t\t\t\t\t\t\t<img decoding=\"async\" width=\"800\" height=\"780\" src=\"https:\/\/gadem-asso.org\/mallette\/wp-content\/uploads\/2023\/01\/Asset-2.png\" class=\"attachment-large size-large wp-image-541\" alt=\"\" srcset=\"https:\/\/gadem-asso.org\/mallette\/wp-content\/uploads\/2023\/01\/Asset-2.png 812w, https:\/\/gadem-asso.org\/mallette\/wp-content\/uploads\/2023\/01\/Asset-2-300x293.png 300w, https:\/\/gadem-asso.org\/mallette\/wp-content\/uploads\/2023\/01\/Asset-2-768x749.png 768w\" sizes=\"(max-width: 800px) 100vw, 800px\" \/>\t\t\t\t\t\t\t\t<\/a>\n\t\t\t\t\t\t\t\t\t\t\t\t\t<\/div>\n\t\t\t\t<\/div>\n\t\t\t\t<div class=\"elementor-element elementor-element-dd0d821 elementor-widget elementor-widget-spacer\" data-id=\"dd0d821\" data-element_type=\"widget\" data-widget_type=\"spacer.default\">\n\t\t\t\t<div class=\"elementor-widget-container\">\n\t\t\t\t\t<div class=\"elementor-spacer\">\n\t\t\t<div class=\"elementor-spacer-inner\"><\/div>\n\t\t<\/div>\n\t\t\t\t<\/div>\n\t\t\t\t<\/div>\n\t\t\t\t<\/div>\n\t\t\t\t\t<\/div>\n\t\t\t\t<\/div>\n\t\t\t\t<\/div>\n\t\t","protected":false},"excerpt":{"rendered":"<p>La mallette p\u00e9dagogique La mallette p\u00e9dagogique \u00ab Vivre ensemble au Maroc \u00bb a \u00e9t\u00e9 \u00e9labor\u00e9e par le GADEM. Elle est le fruit de deux ans d\u2019exp\u00e9rience aupr\u00e8s de jeunes et d\u2019enseignant\u00b7e\u00b7s de l\u2019\u00e9cole Ben Abdellah de Sal\u00e9 et de rencontres avec des acteur\u00b7rice\u00b7s associatif\u00b7ve\u00b7s, des enseignant\u00b7e\u00b7s et des animateur\u00b7rice\u00b7s de maisons de jeunes, particuli\u00e8rement Dar [&hellip;]<\/p>\n","protected":false},"author":1,"featured_media":0,"parent":0,"menu_order":0,"comment_status":"closed","ping_status":"closed","template":"elementor_header_footer","meta":{"footnotes":""},"class_list":["post-226","page","type-page","status-publish","hentry"],"_links":{"self":[{"href":"https:\/\/gadem-asso.org\/mallette\/wp-json\/wp\/v2\/pages\/226","targetHints":{"allow":["GET"]}}],"collection":[{"href":"https:\/\/gadem-asso.org\/mallette\/wp-json\/wp\/v2\/pages"}],"about":[{"href":"https:\/\/gadem-asso.org\/mallette\/wp-json\/wp\/v2\/types\/page"}],"author":[{"embeddable":true,"href":"https:\/\/gadem-asso.org\/mallette\/wp-json\/wp\/v2\/users\/1"}],"replies":[{"embeddable":true,"href":"https:\/\/gadem-asso.org\/mallette\/wp-json\/wp\/v2\/comments?post=226"}],"version-history":[{"count":268,"href":"https:\/\/gadem-asso.org\/mallette\/wp-json\/wp\/v2\/pages\/226\/revisions"}],"predecessor-version":[{"id":4554,"href":"https:\/\/gadem-asso.org\/mallette\/wp-json\/wp\/v2\/pages\/226\/revisions\/4554"}],"wp:attachment":[{"href":"https:\/\/gadem-asso.org\/mallette\/wp-json\/wp\/v2\/media?parent=226"}],"curies":[{"name":"wp","href":"https:\/\/api.w.org\/{rel}","templated":true}]}}