{"id":228,"date":"2023-01-27T09:16:29","date_gmt":"2023-01-27T09:16:29","guid":{"rendered":"http:\/\/localhost\/mmm\/?page_id=228"},"modified":"2023-07-03T16:26:25","modified_gmt":"2023-07-03T16:26:25","slug":"regards-sur-le-monde","status":"publish","type":"page","link":"https:\/\/gadem-asso.org\/mallette\/regards-sur-le-monde\/","title":{"rendered":"Regards sur le monde"},"content":{"rendered":"\t\t<div data-elementor-type=\"wp-page\" data-elementor-id=\"228\" class=\"elementor elementor-228\" data-elementor-post-type=\"page\">\n\t\t\t\t<div class=\"elementor-element elementor-element-4beb28a e-flex e-con-boxed e-con e-parent\" data-id=\"4beb28a\" data-element_type=\"container\" data-settings=\"{&quot;background_background&quot;:&quot;classic&quot;}\" data-core-v316-plus=\"true\">\n\t\t\t\t\t<div class=\"e-con-inner\">\n\t\t\t\t<div class=\"elementor-element elementor-element-e4b8c12 elementor-widget elementor-widget-spacer\" data-id=\"e4b8c12\" data-element_type=\"widget\" data-widget_type=\"spacer.default\">\n\t\t\t\t<div class=\"elementor-widget-container\">\n\t\t\t<style>\/*! elementor - v3.20.0 - 26-03-2024 *\/\n.elementor-column .elementor-spacer-inner{height:var(--spacer-size)}.e-con{--container-widget-width:100%}.e-con-inner>.elementor-widget-spacer,.e-con>.elementor-widget-spacer{width:var(--container-widget-width,var(--spacer-size));--align-self:var(--container-widget-align-self,initial);--flex-shrink:0}.e-con-inner>.elementor-widget-spacer>.elementor-widget-container,.e-con>.elementor-widget-spacer>.elementor-widget-container{height:100%;width:100%}.e-con-inner>.elementor-widget-spacer>.elementor-widget-container>.elementor-spacer,.e-con>.elementor-widget-spacer>.elementor-widget-container>.elementor-spacer{height:100%}.e-con-inner>.elementor-widget-spacer>.elementor-widget-container>.elementor-spacer>.elementor-spacer-inner,.e-con>.elementor-widget-spacer>.elementor-widget-container>.elementor-spacer>.elementor-spacer-inner{height:var(--container-widget-height,var(--spacer-size))}.e-con-inner>.elementor-widget-spacer.elementor-widget-empty,.e-con>.elementor-widget-spacer.elementor-widget-empty{position:relative;min-height:22px;min-width:22px}.e-con-inner>.elementor-widget-spacer.elementor-widget-empty .elementor-widget-empty-icon,.e-con>.elementor-widget-spacer.elementor-widget-empty .elementor-widget-empty-icon{position:absolute;top:0;bottom:0;left:0;right:0;margin:auto;padding:0;width:22px;height:22px}<\/style>\t\t<div class=\"elementor-spacer\">\n\t\t\t<div class=\"elementor-spacer-inner\"><\/div>\n\t\t<\/div>\n\t\t\t\t<\/div>\n\t\t\t\t<\/div>\n\t\t<div class=\"elementor-element elementor-element-260c461 e-con-full e-flex e-con e-parent\" data-id=\"260c461\" data-element_type=\"container\" data-core-v316-plus=\"true\">\n\t\t\t\t<div class=\"elementor-element elementor-element-2010d4c elementor-widget__width-initial elementor-widget elementor-widget-heading\" data-id=\"2010d4c\" data-element_type=\"widget\" data-widget_type=\"heading.default\">\n\t\t\t\t<div class=\"elementor-widget-container\">\n\t\t\t<style>\/*! elementor - v3.20.0 - 26-03-2024 *\/\n.elementor-heading-title{padding:0;margin:0;line-height:1}.elementor-widget-heading .elementor-heading-title[class*=elementor-size-]>a{color:inherit;font-size:inherit;line-height:inherit}.elementor-widget-heading .elementor-heading-title.elementor-size-small{font-size:15px}.elementor-widget-heading .elementor-heading-title.elementor-size-medium{font-size:19px}.elementor-widget-heading .elementor-heading-title.elementor-size-large{font-size:29px}.elementor-widget-heading .elementor-heading-title.elementor-size-xl{font-size:39px}.elementor-widget-heading .elementor-heading-title.elementor-size-xxl{font-size:59px}<\/style><h2 class=\"elementor-heading-title elementor-size-default\">Regards sur le monde<\/h2>\t\t<\/div>\n\t\t\t\t<\/div>\n\t\t\t\t<div class=\"elementor-element elementor-element-bab1317 elementor-widget elementor-widget-image\" data-id=\"bab1317\" data-element_type=\"widget\" data-widget_type=\"image.default\">\n\t\t\t\t<div class=\"elementor-widget-container\">\n\t\t\t<style>\/*! elementor - v3.20.0 - 26-03-2024 *\/\n.elementor-widget-image{text-align:center}.elementor-widget-image a{display:inline-block}.elementor-widget-image a img[src$=\".svg\"]{width:48px}.elementor-widget-image img{vertical-align:middle;display:inline-block}<\/style>\t\t\t\t\t\t\t\t\t\t<img fetchpriority=\"high\" decoding=\"async\" width=\"755\" height=\"350\" src=\"https:\/\/gadem-asso.org\/mallette\/wp-content\/uploads\/2023\/06\/image-bandeau-regard-sur-le-monde.png\" class=\"attachment-large size-large wp-image-4118\" alt=\"\" srcset=\"https:\/\/gadem-asso.org\/mallette\/wp-content\/uploads\/2023\/06\/image-bandeau-regard-sur-le-monde.png 755w, https:\/\/gadem-asso.org\/mallette\/wp-content\/uploads\/2023\/06\/image-bandeau-regard-sur-le-monde-300x139.png 300w\" sizes=\"(max-width: 755px) 100vw, 755px\" \/>\t\t\t\t\t\t\t\t\t\t\t\t\t<\/div>\n\t\t\t\t<\/div>\n\t\t\t\t<\/div>\n\t\t\t\t\t<\/div>\n\t\t\t\t<\/div>\n\t\t<div class=\"elementor-element elementor-element-0f6963a e-flex e-con-boxed e-con e-parent\" data-id=\"0f6963a\" data-element_type=\"container\" data-core-v316-plus=\"true\">\n\t\t\t\t\t<div class=\"e-con-inner\">\n\t\t\t\t<div class=\"elementor-element elementor-element-215eb34 elementor-widget__width-inherit elementor-widget elementor-widget-wp-widget-bcn_widget\" data-id=\"215eb34\" data-element_type=\"widget\" data-widget_type=\"wp-widget-bcn_widget.default\">\n\t\t\t\t<div class=\"elementor-widget-container\">\n\t\t\t<div class=\"breadcrumbs\" vocab=\"https:\/\/schema.org\/\" typeof=\"BreadcrumbList\"><!-- Breadcrumb NavXT 7.3.0 -->\n<span property=\"itemListElement\" typeof=\"ListItem\"><a style=\"text-decoration:none;color:#313131\" property=\"item\" typeof=\"WebPage\" title=\"Go to gadem.\" href=\"https:\/\/gadem-asso.org\/mallette\" class=\"home\" aria-current=\"page\"><span property=\"name\"><span class=\"dashicons dashicons-admin-home\"><\/span><\/span><\/a><meta property=\"position\" content=\"1\"><\/span><\/div>\t\t<\/div>\n\t\t\t\t<\/div>\n\t\t\t\t<div class=\"elementor-element elementor-element-a83c35a elementor-widget elementor-widget-spacer\" data-id=\"a83c35a\" data-element_type=\"widget\" data-widget_type=\"spacer.default\">\n\t\t\t\t<div class=\"elementor-widget-container\">\n\t\t\t\t\t<div class=\"elementor-spacer\">\n\t\t\t<div class=\"elementor-spacer-inner\"><\/div>\n\t\t<\/div>\n\t\t\t\t<\/div>\n\t\t\t\t<\/div>\n\t\t\t\t\t<\/div>\n\t\t\t\t<\/div>\n\t\t<div class=\"elementor-element elementor-element-4c00b6c e-flex e-con-boxed e-con e-parent\" data-id=\"4c00b6c\" data-element_type=\"container\" data-core-v316-plus=\"true\">\n\t\t\t\t\t<div class=\"e-con-inner\">\n\t\t<div class=\"elementor-element elementor-element-5d6eac6 e-con-full e-flex e-con e-parent\" data-id=\"5d6eac6\" data-element_type=\"container\" data-core-v316-plus=\"true\">\n\t\t\t\t<div class=\"elementor-element elementor-element-442c0a6 elementor-widget elementor-widget-text-editor\" data-id=\"442c0a6\" data-element_type=\"widget\" data-widget_type=\"text-editor.default\">\n\t\t\t\t<div class=\"elementor-widget-container\">\n\t\t\t<style>\/*! elementor - v3.20.0 - 26-03-2024 *\/\n.elementor-widget-text-editor.elementor-drop-cap-view-stacked .elementor-drop-cap{background-color:#69727d;color:#fff}.elementor-widget-text-editor.elementor-drop-cap-view-framed .elementor-drop-cap{color:#69727d;border:3px solid;background-color:transparent}.elementor-widget-text-editor:not(.elementor-drop-cap-view-default) .elementor-drop-cap{margin-top:8px}.elementor-widget-text-editor:not(.elementor-drop-cap-view-default) .elementor-drop-cap-letter{width:1em;height:1em}.elementor-widget-text-editor .elementor-drop-cap{float:left;text-align:center;line-height:1;font-size:50px}.elementor-widget-text-editor .elementor-drop-cap-letter{display:inline-block}<\/style>\t\t\t\t<p><span style=\"font-weight: 400;\">Le module<\/span> <b><i>Regards sur le monde<\/i><\/b><b>\u00a0<\/b><span style=\"font-weight: 400;\">propose des activit\u00e9s ludiques, p\u00e9dagogiques et interactives afin d\u2019aborder des th\u00e9matiques en lien avec les questions de diversit\u00e9 et de diff\u00e9rences, de pr\u00e9jug\u00e9s et st\u00e9r\u00e9otypes, et d\u2019 (in)\u00e9galit\u00e9 et discriminations.\u00a0<\/span><\/p><p><span style=\"font-weight: 400;\">Le but de ce module est d\u2019amener les participant\u00b7e\u00b7s \u00e0 interroger leurs perceptions et \u00e0 se forger leur propre compr\u00e9hension de la soci\u00e9t\u00e9 dans laquelle ils\/elles \u00e9voluent et du monde qui les entourent.\u00a0<\/span><\/p><p><span style=\"font-weight: 400;\">Il se base sur les exp\u00e9riences propres des participant\u00b7e\u00b7s dans la vie de tous les jours et permet \u00e9galement de nouvelles exp\u00e9rimentations au travers des activit\u00e9s propos\u00e9es qui les placent en acteur\u00b7rice\u00b7s de leur r\u00e9flexion individuellement et au sein du groupe.<\/span><\/p><p><span style=\"font-weight: 400;\">Ce module est divis\u00e9 en deux parties distinctes afin d\u2019adapter les animations et activit\u00e9s propos\u00e9es aux deux tranches d\u2019\u00e2ges cibl\u00e9es (7-10 ans et 11-14 ans).<\/span><\/p>\t\t\t\t\t\t<\/div>\n\t\t\t\t<\/div>\n\t\t\t\t<\/div>\n\t\t<div class=\"elementor-element elementor-element-618408e e-con-full e-flex e-con e-parent\" data-id=\"618408e\" data-element_type=\"container\" data-core-v316-plus=\"true\">\n\t\t\t\t<div class=\"elementor-element elementor-element-1b0b1b2 elementor-widget elementor-widget-image\" data-id=\"1b0b1b2\" data-element_type=\"widget\" data-widget_type=\"image.default\">\n\t\t\t\t<div class=\"elementor-widget-container\">\n\t\t\t\t\t\t\t\t\t\t\t\t\t<img decoding=\"async\" width=\"800\" height=\"452\" src=\"https:\/\/gadem-asso.org\/mallette\/wp-content\/uploads\/2023\/01\/vignette-thematique-Regards-sur-le-monde-1024x579.jpeg\" class=\"attachment-large size-large wp-image-384\" alt=\"\" srcset=\"https:\/\/gadem-asso.org\/mallette\/wp-content\/uploads\/2023\/01\/vignette-thematique-Regards-sur-le-monde-1024x579.jpeg 1024w, https:\/\/gadem-asso.org\/mallette\/wp-content\/uploads\/2023\/01\/vignette-thematique-Regards-sur-le-monde-300x170.jpeg 300w, https:\/\/gadem-asso.org\/mallette\/wp-content\/uploads\/2023\/01\/vignette-thematique-Regards-sur-le-monde-768x434.jpeg 768w, https:\/\/gadem-asso.org\/mallette\/wp-content\/uploads\/2023\/01\/vignette-thematique-Regards-sur-le-monde-1536x868.jpeg 1536w, https:\/\/gadem-asso.org\/mallette\/wp-content\/uploads\/2023\/01\/vignette-thematique-Regards-sur-le-monde.jpeg 1559w\" sizes=\"(max-width: 800px) 100vw, 800px\" \/>\t\t\t\t\t\t\t\t\t\t\t\t\t<\/div>\n\t\t\t\t<\/div>\n\t\t\t\t<\/div>\n\t\t\t\t\t<\/div>\n\t\t\t\t<\/div>\n\t\t<div class=\"elementor-element elementor-element-4dc1fc5 e-flex e-con-boxed e-con e-parent\" data-id=\"4dc1fc5\" data-element_type=\"container\" data-core-v316-plus=\"true\">\n\t\t\t\t\t<div class=\"e-con-inner\">\n\t\t<div class=\"elementor-element elementor-element-e4e30ec e-flex e-con-boxed e-con e-parent\" data-id=\"e4e30ec\" data-element_type=\"container\" data-core-v316-plus=\"true\">\n\t\t\t\t\t<div class=\"e-con-inner\">\n\t\t<a class=\"elementor-element elementor-element-3c1c6c2 e-con-full e-flex e-con e-parent\" data-id=\"3c1c6c2\" data-element_type=\"container\" data-settings=\"{&quot;background_background&quot;:&quot;classic&quot;}\" data-core-v316-plus=\"true\" href=\"https:\/\/gadem-asso.org\/mallette\/index.php\/regards-sur-le-monde\/regards-sur-le-monde-7-10-ans\">\n\t\t\t\t<div class=\"elementor-element elementor-element-4442633 elementor-widget elementor-widget-heading\" data-id=\"4442633\" data-element_type=\"widget\" data-widget_type=\"heading.default\">\n\t\t\t\t<div class=\"elementor-widget-container\">\n\t\t\t<h2 class=\"elementor-heading-title elementor-size-default\">7-10 ans<\/h2>\t\t<\/div>\n\t\t\t\t<\/div>\n\t\t\t\t<div class=\"elementor-element elementor-element-452e627 elementor-view-default elementor-widget elementor-widget-icon\" data-id=\"452e627\" data-element_type=\"widget\" data-widget_type=\"icon.default\">\n\t\t\t\t<div class=\"elementor-widget-container\">\n\t\t\t\t\t<div class=\"elementor-icon-wrapper\">\n\t\t\t<div class=\"elementor-icon\">\n\t\t\t<svg aria-hidden=\"true\" class=\"e-font-icon-svg e-fas-arrow-circle-right\" viewBox=\"0 0 512 512\" xmlns=\"http:\/\/www.w3.org\/2000\/svg\"><path d=\"M256 8c137 0 248 111 248 248S393 504 256 504 8 393 8 256 119 8 256 8zm-28.9 143.6l75.5 72.4H120c-13.3 0-24 10.7-24 24v16c0 13.3 10.7 24 24 24h182.6l-75.5 72.4c-9.7 9.3-9.9 24.8-.4 34.3l11 10.9c9.4 9.4 24.6 9.4 33.9 0L404.3 273c9.4-9.4 9.4-24.6 0-33.9L271.6 106.3c-9.4-9.4-24.6-9.4-33.9 0l-11 10.9c-9.5 9.6-9.3 25.1.4 34.4z\"><\/path><\/svg>\t\t\t<\/div>\n\t\t<\/div>\n\t\t\t\t<\/div>\n\t\t\t\t<\/div>\n\t\t\t\t<\/a>\n\t\t<a class=\"elementor-element elementor-element-32af886 e-con-full e-flex e-con e-parent\" data-id=\"32af886\" data-element_type=\"container\" data-settings=\"{&quot;background_background&quot;:&quot;classic&quot;}\" data-core-v316-plus=\"true\" href=\"https:\/\/gadem-asso.org\/mallette\/index.php\/regards-sur-le-monde\/regards-sur-le-monde-11-14-ans\">\n\t\t\t\t<div class=\"elementor-element elementor-element-55504c4 elementor-widget elementor-widget-heading\" data-id=\"55504c4\" data-element_type=\"widget\" data-widget_type=\"heading.default\">\n\t\t\t\t<div class=\"elementor-widget-container\">\n\t\t\t<h2 class=\"elementor-heading-title elementor-size-default\">11-14 ans<\/h2>\t\t<\/div>\n\t\t\t\t<\/div>\n\t\t\t\t<div class=\"elementor-element elementor-element-5d73187 elementor-view-default elementor-widget elementor-widget-icon\" data-id=\"5d73187\" data-element_type=\"widget\" data-widget_type=\"icon.default\">\n\t\t\t\t<div class=\"elementor-widget-container\">\n\t\t\t\t\t<div class=\"elementor-icon-wrapper\">\n\t\t\t<div class=\"elementor-icon\">\n\t\t\t<svg aria-hidden=\"true\" class=\"e-font-icon-svg e-fas-arrow-circle-right\" viewBox=\"0 0 512 512\" xmlns=\"http:\/\/www.w3.org\/2000\/svg\"><path d=\"M256 8c137 0 248 111 248 248S393 504 256 504 8 393 8 256 119 8 256 8zm-28.9 143.6l75.5 72.4H120c-13.3 0-24 10.7-24 24v16c0 13.3 10.7 24 24 24h182.6l-75.5 72.4c-9.7 9.3-9.9 24.8-.4 34.3l11 10.9c9.4 9.4 24.6 9.4 33.9 0L404.3 273c9.4-9.4 9.4-24.6 0-33.9L271.6 106.3c-9.4-9.4-24.6-9.4-33.9 0l-11 10.9c-9.5 9.6-9.3 25.1.4 34.4z\"><\/path><\/svg>\t\t\t<\/div>\n\t\t<\/div>\n\t\t\t\t<\/div>\n\t\t\t\t<\/div>\n\t\t\t\t<\/a>\n\t\t\t\t\t<\/div>\n\t\t\t\t<\/div>\n\t\t\t\t\t<\/div>\n\t\t\t\t<\/div>\n\t\t<div class=\"elementor-element elementor-element-c3ca67f e-flex e-con-boxed e-con e-parent\" data-id=\"c3ca67f\" data-element_type=\"container\" data-core-v316-plus=\"true\">\n\t\t\t\t\t<div class=\"e-con-inner\">\n\t\t\t\t<div class=\"elementor-element elementor-element-fce5123 elementor-widget elementor-widget-spacer\" data-id=\"fce5123\" data-element_type=\"widget\" data-widget_type=\"spacer.default\">\n\t\t\t\t<div class=\"elementor-widget-container\">\n\t\t\t\t\t<div class=\"elementor-spacer\">\n\t\t\t<div class=\"elementor-spacer-inner\"><\/div>\n\t\t<\/div>\n\t\t\t\t<\/div>\n\t\t\t\t<\/div>\n\t\t\t\t\t<\/div>\n\t\t\t\t<\/div>\n\t\t\t\t<\/div>\n\t\t","protected":false},"excerpt":{"rendered":"<p>Regards sur le monde Le module Regards sur le monde\u00a0propose des activit\u00e9s ludiques, p\u00e9dagogiques et interactives afin d\u2019aborder des th\u00e9matiques en lien avec les questions de diversit\u00e9 et de diff\u00e9rences, de pr\u00e9jug\u00e9s et st\u00e9r\u00e9otypes, et d\u2019 (in)\u00e9galit\u00e9 et discriminations.\u00a0 Le but de ce module est d\u2019amener les participant\u00b7e\u00b7s \u00e0 interroger leurs perceptions et \u00e0 se [&hellip;]<\/p>\n","protected":false},"author":1,"featured_media":0,"parent":0,"menu_order":0,"comment_status":"closed","ping_status":"closed","template":"","meta":{"footnotes":""},"class_list":["post-228","page","type-page","status-publish","hentry"],"_links":{"self":[{"href":"https:\/\/gadem-asso.org\/mallette\/wp-json\/wp\/v2\/pages\/228","targetHints":{"allow":["GET"]}}],"collection":[{"href":"https:\/\/gadem-asso.org\/mallette\/wp-json\/wp\/v2\/pages"}],"about":[{"href":"https:\/\/gadem-asso.org\/mallette\/wp-json\/wp\/v2\/types\/page"}],"author":[{"embeddable":true,"href":"https:\/\/gadem-asso.org\/mallette\/wp-json\/wp\/v2\/users\/1"}],"replies":[{"embeddable":true,"href":"https:\/\/gadem-asso.org\/mallette\/wp-json\/wp\/v2\/comments?post=228"}],"version-history":[{"count":149,"href":"https:\/\/gadem-asso.org\/mallette\/wp-json\/wp\/v2\/pages\/228\/revisions"}],"predecessor-version":[{"id":4340,"href":"https:\/\/gadem-asso.org\/mallette\/wp-json\/wp\/v2\/pages\/228\/revisions\/4340"}],"wp:attachment":[{"href":"https:\/\/gadem-asso.org\/mallette\/wp-json\/wp\/v2\/media?parent=228"}],"curies":[{"name":"wp","href":"https:\/\/api.w.org\/{rel}","templated":true}]}}